{"id":4666,"date":"2025-03-28T12:57:54","date_gmt":"2025-03-28T11:57:54","guid":{"rendered":"http:\/\/wordpress.nuevomundo.eu\/juan-perez-de-zuniga\/"},"modified":"2026-03-17T18:06:02","modified_gmt":"2026-03-17T17:06:02","slug":"juan-perez-de-zuniga","status":"publish","type":"page","link":"https:\/\/nuevomundo.eu\/en\/juan-perez-de-zuniga\/","title":{"rendered":"Juan P\u00e9rez de Z\u00fa\u00f1iga"},"content":{"rendered":"\t\t<div data-elementor-type=\"wp-page\" data-elementor-id=\"4666\" class=\"elementor elementor-4666 elementor-4534\" data-elementor-post-type=\"page\">\n\t\t\t\t<div class=\"elementor-element elementor-element-0489439 e-flex e-con-boxed e-con e-parent\" data-id=\"0489439\" data-element_type=\"container\">\n\t\t\t\t\t<div class=\"e-con-inner\">\n\t\t<div class=\"elementor-element elementor-element-ad43a66 e-con-full e-flex e-con e-child\" data-id=\"ad43a66\" data-element_type=\"container\">\n\t\t\t\t<div class=\"elementor-element elementor-element-fdd7f0a elementor-widget elementor-widget-heading\" data-id=\"fdd7f0a\" data-element_type=\"widget\" data-widget_type=\"heading.default\">\n\t\t\t\t<div class=\"elementor-widget-container\">\n\t\t\t\t\t<h2 class=\"elementor-heading-title elementor-size-default\">JUAN P\u00c9REZ DE Z\u00da\u00d1IGA<\/h2>\t\t\t\t<\/div>\n\t\t\t\t<\/div>\n\t\t<div class=\"elementor-element elementor-element-bd798dd e-con-full e-flex e-con e-child\" data-id=\"bd798dd\" data-element_type=\"container\">\n\t\t\t\t<div class=\"elementor-element elementor-element-fa9548a elementor-widget elementor-widget-text-editor\" data-id=\"fa9548a\" data-element_type=\"widget\" data-widget_type=\"text-editor.default\">\n\t\t\t\t<div class=\"elementor-widget-container\">\n\t\t\t\t\t\t\t\t\t<h4><span style=\"font-weight: bolder; color: #000080; font-size: 1.25rem;\">Delivery May 2026 &#8211; <span style=\"color: #ba0c2f;\">100% SOLD OUT<\/span><\/span><\/h4><h4>\u00a0<\/h4><h4><b data-path-to-node=\"6\" data-index-in-node=\"0\">The New Standard in Residential Luxury<\/b><\/h4><p data-path-to-node=\"4\"><b data-path-to-node=\"4\" data-index-in-node=\"0\">Nine exclusive residences<\/b>. A signature project by the prestigious <b data-path-to-node=\"4\" data-index-in-node=\"0\">Touza Arquitectos<\/b> studio, where cutting-edge architecture, natural light, and maximum efficiency converge in an unrepeatable location.<\/p><h5><span style=\"color: #ba0c00;\"><strong>The Privilege of Your Surroundings<\/strong><\/span><\/h5><p data-path-to-node=\"7\">A private <b data-path-to-node=\"6\" data-index-in-node=\"10\">800 m\u00b2 garden oasis<\/b> featuring a swimming pool, sports zone, and children\u2019s area, strategically situated in the heart of Northern Madrid.<\/p><ul><li data-path-to-node=\"7,0,0\"><b data-path-to-node=\"7,0,0\" data-index-in-node=\"0\">Light &amp; Views:<\/b> South-facing residences ensuring optimal sunlight, with expansive terraces overlooking the private gardens.<\/li><li data-path-to-node=\"7,1,0\"><b data-path-to-node=\"7,1,0\" data-index-in-node=\"0\">Premium Location:<\/b> Minutes from the financial district and surrounded by elite amenities: world-class parks (Juan Carlos I and Juan Pablo II), prestigious schools, and top-tier healthcare centers.<\/li><li data-path-to-node=\"7,2,0\"><b data-path-to-node=\"7,2,0\" data-index-in-node=\"0\">Lifestyle:<\/b> An environment that seamlessly combines security, family tranquility, and an exceptional transport network.<\/li><\/ul><h5>\u00a0<\/h5><h5><span style=\"color: #ba0c33;\"><b data-path-to-node=\"10\" data-index-in-node=\"0\">Comfort Engineering: Cutting-Edge Climate Control<\/b><\/span><\/h5><p data-path-to-node=\"11\">Each home is equipped with the market\u2019s most advanced technology to guarantee absolute well-being and responsible energy consumption.<\/p><ul><li data-path-to-node=\"11,0,0\"><b data-path-to-node=\"11,0,0\" data-index-in-node=\"0\">Daikin Aerothermics:<\/b> High-efficiency systems from the world\u2019s leading brand for clean energy production.<\/li><li data-path-to-node=\"11,1,0\"><b data-path-to-node=\"11,1,0\" data-index-in-node=\"0\">Underfloor Heating &amp; Cooling:<\/b> Invisible comfort. Enjoy a consistent temperature year-round without compromising interior design.<\/li><li data-path-to-node=\"11,2,0\"><b data-path-to-node=\"11,2,0\" data-index-in-node=\"0\">Smart Ventilation:<\/b> An advanced air renewal system that ensures a healthy indoor environment while enhancing acoustic insulation.<\/li><li data-path-to-node=\"11,3,0\"><b data-path-to-node=\"11,3,0\" data-index-in-node=\"0\">Superior Efficiency:<\/b> The latest innovations in thermal insulation for tangible energy savings.<\/li><\/ul><h5>\u00a0<\/h5><h5><span style=\"color: #ba0c33;\"><b data-path-to-node=\"14\" data-index-in-node=\"0\">60 Years of Real Estate Excellence<\/b><\/span><\/h5><p data-path-to-node=\"15\">En <b data-path-to-node=\"15\" data-index-in-node=\"3\">Nuevo Mundo<\/b>, la calidad es nuestro <i data-path-to-node=\"15\" data-index-in-node=\"38\">modus operandi<\/i>. Aplicamos un rigor constructivo absoluto basado en tres pilares fundamentales:<\/p><ul><li data-path-to-node=\"15,0,0\"><b data-path-to-node=\"15,0,0\" data-index-in-node=\"0\">Elite Selection:<\/b> We partner exclusively with the most qualified installers offering the highest guarantees.<\/li><li data-path-to-node=\"15,1,0\"><b data-path-to-node=\"15,1,0\" data-index-in-node=\"0\">Total Control:<\/b> Stringent quality benchmarks at every stage of construction.<\/li><li data-path-to-node=\"15,2,0\"><b data-path-to-node=\"15,2,0\" data-index-in-node=\"0\">Timeline Commitment:<\/b> Rigorous adherence to projected delivery deadlines<\/li><\/ul><blockquote data-path-to-node=\"17\"><h5>\u00a0<\/h5><h5><i data-path-to-node=\"17,0\" data-index-in-node=\"0\">&#8220;A reality with its own personality for those who refuse to compromise. For those who want it all.&#8221;<\/i><i style=\"font-family: Roboto, sans-serif; font-size: 15px;\" data-path-to-node=\"17,0\" data-index-in-node=\"0\">\u00a0<\/i><\/h5><\/blockquote><h5><b>Contact us for more information or to schedule a viewing of our show apartment: <\/b><b><span style=\"color: #ba0c2f;\"><a style=\"color: #ba0c2f;\" href=\"tel:917160560\">917160560<\/a><\/span> \u2013 <\/b><span style=\"color: #ba0c2f;\"><a style=\"color: #ba0c2f;\" href=\"mailto:ventas@nuevomundo.eu\"><b>ventas@nuevomundo.eu<\/b><\/a><\/span><\/h5><h5>\u00a0<\/h5><h5><b>Experience our Virtual Show Apartment at the following link: <\/b><strong><span style=\"color: #ba0c2f;\"><a style=\"color: #ba0c2f;\" href=\"https:\/\/nuevomundo.eu\/wp-content\/uploads\/tourvirtual\/zuniga\/index.html\">VIRTUAL TOUR<\/a><\/span><\/strong><\/h5>\t\t\t\t\t\t\t\t<\/div>\n\t\t\t\t<\/div>\n\t\t<div class=\"elementor-element elementor-element-5de8795 e-con-full e-flex e-con e-child\" data-id=\"5de8795\" data-element_type=\"container\">\n\t\t<div class=\"elementor-element elementor-element-37e4a7e e-con-full e-flex e-con e-child\" data-id=\"37e4a7e\" data-element_type=\"container\">\n\t\t\t\t<div class=\"elementor-element elementor-element-c28b69b elementor-align-center elementor-widget elementor-widget-button\" data-id=\"c28b69b\" data-element_type=\"widget\" data-widget_type=\"button.default\">\n\t\t\t\t<div class=\"elementor-widget-container\">\n\t\t\t\t\t\t\t\t\t<div class=\"elementor-button-wrapper\">\n\t\t\t\t\t<a class=\"elementor-button elementor-button-link elementor-size-sm\" href=\"https:\/\/nuevomundo.eu\/wp-content\/uploads\/2025\/03\/JPZ_PLANOS_nov_2024.pdf\">\n\t\t\t\t\t\t<span class=\"elementor-button-content-wrapper\">\n\t\t\t\t\t\t\t\t\t<span class=\"elementor-button-text\">Plans<\/span>\n\t\t\t\t\t<\/span>\n\t\t\t\t\t<\/a>\n\t\t\t\t<\/div>\n\t\t\t\t\t\t\t\t<\/div>\n\t\t\t\t<\/div>\n\t\t\t\t<\/div>\n\t\t<div class=\"elementor-element elementor-element-c0409d3 e-con-full e-flex e-con e-child\" data-id=\"c0409d3\" data-element_type=\"container\">\n\t\t\t\t<div class=\"elementor-element elementor-element-12a6e3a elementor-align-center elementor-widget elementor-widget-button\" data-id=\"12a6e3a\" data-element_type=\"widget\" data-widget_type=\"button.default\">\n\t\t\t\t<div class=\"elementor-widget-container\">\n\t\t\t\t\t\t\t\t\t<div class=\"elementor-button-wrapper\">\n\t\t\t\t\t<a class=\"elementor-button elementor-button-link elementor-size-sm\" href=\"https:\/\/nuevomundo.eu\/wp-content\/uploads\/2025\/03\/MemoriaCalidades_ver2.pdf\">\n\t\t\t\t\t\t<span class=\"elementor-button-content-wrapper\">\n\t\t\t\t\t\t\t\t\t<span class=\"elementor-button-text\">Building specifications<\/span>\n\t\t\t\t\t<\/span>\n\t\t\t\t\t<\/a>\n\t\t\t\t<\/div>\n\t\t\t\t\t\t\t\t<\/div>\n\t\t\t\t<\/div>\n\t\t\t\t<\/div>\n\t\t<div class=\"elementor-element elementor-element-0b77701 e-con-full e-flex e-con e-child\" data-id=\"0b77701\" data-element_type=\"container\">\n\t\t\t\t<div class=\"elementor-element elementor-element-a6b76b0 elementor-align-center elementor-widget elementor-widget-button\" data-id=\"a6b76b0\" data-element_type=\"widget\" data-widget_type=\"button.default\">\n\t\t\t\t<div class=\"elementor-widget-container\">\n\t\t\t\t\t\t\t\t\t<div class=\"elementor-button-wrapper\">\n\t\t\t\t\t<a class=\"elementor-button elementor-button-link elementor-size-sm\" href=\"https:\/\/nuevomundo.eu\/wp-content\/uploads\/2025\/10\/2025.10.23-Avance-de-Obra.pdf\">\n\t\t\t\t\t\t<span class=\"elementor-button-content-wrapper\">\n\t\t\t\t\t\t\t\t\t<span class=\"elementor-button-text\">Construction progress<\/span>\n\t\t\t\t\t<\/span>\n\t\t\t\t\t<\/a>\n\t\t\t\t<\/div>\n\t\t\t\t\t\t\t\t<\/div>\n\t\t\t\t<\/div>\n\t\t\t\t<\/div>\n\t\t\t\t<\/div>\n\t\t\t\t<\/div>\n\t\t\t\t<\/div>\n\t\t\t\t\t<\/div>\n\t\t\t\t<\/div>\n\t\t<div class=\"elementor-element elementor-element-e696b2a e-flex e-con-boxed e-con e-parent\" data-id=\"e696b2a\" data-element_type=\"container\">\n\t\t\t\t\t<div class=\"e-con-inner\">\n\t\t\t\t\t<\/div>\n\t\t\t\t<\/div>\n\t\t\t\t<\/div>\n\t\t","protected":false},"excerpt":{"rendered":"<p>JUAN P\u00c9REZ DE Z\u00da\u00d1IGA Delivery May 2026 &#8211; 100% SOLD OUT \u00a0 The New Standard in Residential Luxury Nine exclusive residences. A signature project by the prestigious Touza Arquitectos studio, where cutting-edge architecture, natural light, and maximum efficiency converge in an unrepeatable location. The Privilege of Your Surroundings A private 800 m\u00b2 garden oasis featuring [&hellip;]<\/p>\n","protected":false},"author":1,"featured_media":4495,"parent":0,"menu_order":0,"comment_status":"closed","ping_status":"closed","template":"elementor_header_footer","meta":{"footnotes":""},"class_list":["post-4666","page","type-page","status-publish","has-post-thumbnail","hentry"],"yoast_head":"<!-- This site is optimized with the Yoast SEO plugin v25.9 - https:\/\/yoast.com\/wordpress\/plugins\/seo\/ -->\n<title>Juan P\u00e9rez de Z\u00fa\u00f1iga - NuevoMundo<\/title>\n<meta name=\"robots\" content=\"index, follow, max-snippet:-1, max-image-preview:large, max-video-preview:-1\" \/>\n<link rel=\"canonical\" href=\"https:\/\/nuevomundo.eu\/en\/juan-perez-de-zuniga\/\" \/>\n<meta property=\"og:locale\" content=\"en_US\" \/>\n<meta property=\"og:type\" content=\"article\" \/>\n<meta property=\"og:title\" content=\"Juan P\u00e9rez de Z\u00fa\u00f1iga - NuevoMundo\" \/>\n<meta property=\"og:description\" content=\"JUAN P\u00c9REZ DE Z\u00da\u00d1IGA Delivery May 2026 &#8211; 100% SOLD OUT \u00a0 The New Standard in Residential Luxury Nine exclusive residences. A signature project by the prestigious Touza Arquitectos studio, where cutting-edge architecture, natural light, and maximum efficiency converge in an unrepeatable location. The Privilege of Your Surroundings A private 800 m\u00b2 garden oasis featuring [&hellip;]\" \/>\n<meta property=\"og:url\" content=\"https:\/\/nuevomundo.eu\/en\/juan-perez-de-zuniga\/\" \/>\n<meta property=\"og:site_name\" content=\"NuevoMundo\" \/>\n<meta property=\"article:modified_time\" content=\"2026-03-17T17:06:02+00:00\" \/>\n<meta property=\"og:image\" content=\"https:\/\/nuevomundo.eu\/wp-content\/uploads\/2025\/03\/mov-sostenible.jpg\" \/>\n\t<meta property=\"og:image:width\" content=\"1920\" \/>\n\t<meta property=\"og:image:height\" content=\"600\" \/>\n\t<meta property=\"og:image:type\" content=\"image\/jpeg\" \/>\n<meta name=\"twitter:card\" content=\"summary_large_image\" \/>\n<meta name=\"twitter:label1\" content=\"Est. reading time\" \/>\n\t<meta name=\"twitter:data1\" content=\"4 minutes\" \/>\n<script type=\"application\/ld+json\" class=\"yoast-schema-graph\">{\"@context\":\"https:\/\/schema.org\",\"@graph\":[{\"@type\":\"WebPage\",\"@id\":\"https:\/\/nuevomundo.eu\/en\/juan-perez-de-zuniga\/\",\"url\":\"https:\/\/nuevomundo.eu\/en\/juan-perez-de-zuniga\/\",\"name\":\"Juan P\u00e9rez de Z\u00fa\u00f1iga - NuevoMundo\",\"isPartOf\":{\"@id\":\"https:\/\/nuevomundo.eu\/en\/#website\"},\"primaryImageOfPage\":{\"@id\":\"https:\/\/nuevomundo.eu\/en\/juan-perez-de-zuniga\/#primaryimage\"},\"image\":{\"@id\":\"https:\/\/nuevomundo.eu\/en\/juan-perez-de-zuniga\/#primaryimage\"},\"thumbnailUrl\":\"https:\/\/nuevomundo.eu\/wp-content\/uploads\/2025\/03\/mov-sostenible.jpg\",\"datePublished\":\"2025-03-28T11:57:54+00:00\",\"dateModified\":\"2026-03-17T17:06:02+00:00\",\"breadcrumb\":{\"@id\":\"https:\/\/nuevomundo.eu\/en\/juan-perez-de-zuniga\/#breadcrumb\"},\"inLanguage\":\"en-US\",\"potentialAction\":[{\"@type\":\"ReadAction\",\"target\":[\"https:\/\/nuevomundo.eu\/en\/juan-perez-de-zuniga\/\"]}]},{\"@type\":\"ImageObject\",\"inLanguage\":\"en-US\",\"@id\":\"https:\/\/nuevomundo.eu\/en\/juan-perez-de-zuniga\/#primaryimage\",\"url\":\"https:\/\/nuevomundo.eu\/wp-content\/uploads\/2025\/03\/mov-sostenible.jpg\",\"contentUrl\":\"https:\/\/nuevomundo.eu\/wp-content\/uploads\/2025\/03\/mov-sostenible.jpg\",\"width\":1920,\"height\":600},{\"@type\":\"BreadcrumbList\",\"@id\":\"https:\/\/nuevomundo.eu\/en\/juan-perez-de-zuniga\/#breadcrumb\",\"itemListElement\":[{\"@type\":\"ListItem\",\"position\":1,\"name\":\"Portada\",\"item\":\"https:\/\/nuevomundo.eu\/en\/\"},{\"@type\":\"ListItem\",\"position\":2,\"name\":\"Juan P\u00e9rez de Z\u00fa\u00f1iga\"}]},{\"@type\":\"WebSite\",\"@id\":\"https:\/\/nuevomundo.eu\/en\/#website\",\"url\":\"https:\/\/nuevomundo.eu\/en\/\",\"name\":\"NuevoMundo\",\"description\":\"\",\"publisher\":{\"@id\":\"https:\/\/nuevomundo.eu\/en\/#organization\"},\"potentialAction\":[{\"@type\":\"SearchAction\",\"target\":{\"@type\":\"EntryPoint\",\"urlTemplate\":\"https:\/\/nuevomundo.eu\/en\/?s={search_term_string}\"},\"query-input\":{\"@type\":\"PropertyValueSpecification\",\"valueRequired\":true,\"valueName\":\"search_term_string\"}}],\"inLanguage\":\"en-US\"},{\"@type\":\"Organization\",\"@id\":\"https:\/\/nuevomundo.eu\/en\/#organization\",\"name\":\"NuevoMundo\",\"url\":\"https:\/\/nuevomundo.eu\/en\/\",\"logo\":{\"@type\":\"ImageObject\",\"inLanguage\":\"en-US\",\"@id\":\"https:\/\/nuevomundo.eu\/en\/#\/schema\/logo\/image\/\",\"url\":\"https:\/\/nuevomundo.eu\/wp-content\/uploads\/2025\/02\/LOGO_NUEVOMUNDO.jpg\",\"contentUrl\":\"https:\/\/nuevomundo.eu\/wp-content\/uploads\/2025\/02\/LOGO_NUEVOMUNDO.jpg\",\"width\":212,\"height\":150,\"caption\":\"NuevoMundo\"},\"image\":{\"@id\":\"https:\/\/nuevomundo.eu\/en\/#\/schema\/logo\/image\/\"}}]}<\/script>\n<!-- \/ Yoast SEO plugin. -->","yoast_head_json":{"title":"Juan P\u00e9rez de Z\u00fa\u00f1iga - NuevoMundo","robots":{"index":"index","follow":"follow","max-snippet":"max-snippet:-1","max-image-preview":"max-image-preview:large","max-video-preview":"max-video-preview:-1"},"canonical":"https:\/\/nuevomundo.eu\/en\/juan-perez-de-zuniga\/","og_locale":"en_US","og_type":"article","og_title":"Juan P\u00e9rez de Z\u00fa\u00f1iga - NuevoMundo","og_description":"JUAN P\u00c9REZ DE Z\u00da\u00d1IGA Delivery May 2026 &#8211; 100% SOLD OUT \u00a0 The New Standard in Residential Luxury Nine exclusive residences. A signature project by the prestigious Touza Arquitectos studio, where cutting-edge architecture, natural light, and maximum efficiency converge in an unrepeatable location. The Privilege of Your Surroundings A private 800 m\u00b2 garden oasis featuring [&hellip;]","og_url":"https:\/\/nuevomundo.eu\/en\/juan-perez-de-zuniga\/","og_site_name":"NuevoMundo","article_modified_time":"2026-03-17T17:06:02+00:00","og_image":[{"width":1920,"height":600,"url":"https:\/\/nuevomundo.eu\/wp-content\/uploads\/2025\/03\/mov-sostenible.jpg","type":"image\/jpeg"}],"twitter_card":"summary_large_image","twitter_misc":{"Est. reading time":"4 minutes"},"schema":{"@context":"https:\/\/schema.org","@graph":[{"@type":"WebPage","@id":"https:\/\/nuevomundo.eu\/en\/juan-perez-de-zuniga\/","url":"https:\/\/nuevomundo.eu\/en\/juan-perez-de-zuniga\/","name":"Juan P\u00e9rez de Z\u00fa\u00f1iga - NuevoMundo","isPartOf":{"@id":"https:\/\/nuevomundo.eu\/en\/#website"},"primaryImageOfPage":{"@id":"https:\/\/nuevomundo.eu\/en\/juan-perez-de-zuniga\/#primaryimage"},"image":{"@id":"https:\/\/nuevomundo.eu\/en\/juan-perez-de-zuniga\/#primaryimage"},"thumbnailUrl":"https:\/\/nuevomundo.eu\/wp-content\/uploads\/2025\/03\/mov-sostenible.jpg","datePublished":"2025-03-28T11:57:54+00:00","dateModified":"2026-03-17T17:06:02+00:00","breadcrumb":{"@id":"https:\/\/nuevomundo.eu\/en\/juan-perez-de-zuniga\/#breadcrumb"},"inLanguage":"en-US","potentialAction":[{"@type":"ReadAction","target":["https:\/\/nuevomundo.eu\/en\/juan-perez-de-zuniga\/"]}]},{"@type":"ImageObject","inLanguage":"en-US","@id":"https:\/\/nuevomundo.eu\/en\/juan-perez-de-zuniga\/#primaryimage","url":"https:\/\/nuevomundo.eu\/wp-content\/uploads\/2025\/03\/mov-sostenible.jpg","contentUrl":"https:\/\/nuevomundo.eu\/wp-content\/uploads\/2025\/03\/mov-sostenible.jpg","width":1920,"height":600},{"@type":"BreadcrumbList","@id":"https:\/\/nuevomundo.eu\/en\/juan-perez-de-zuniga\/#breadcrumb","itemListElement":[{"@type":"ListItem","position":1,"name":"Portada","item":"https:\/\/nuevomundo.eu\/en\/"},{"@type":"ListItem","position":2,"name":"Juan P\u00e9rez de Z\u00fa\u00f1iga"}]},{"@type":"WebSite","@id":"https:\/\/nuevomundo.eu\/en\/#website","url":"https:\/\/nuevomundo.eu\/en\/","name":"NuevoMundo","description":"","publisher":{"@id":"https:\/\/nuevomundo.eu\/en\/#organization"},"potentialAction":[{"@type":"SearchAction","target":{"@type":"EntryPoint","urlTemplate":"https:\/\/nuevomundo.eu\/en\/?s={search_term_string}"},"query-input":{"@type":"PropertyValueSpecification","valueRequired":true,"valueName":"search_term_string"}}],"inLanguage":"en-US"},{"@type":"Organization","@id":"https:\/\/nuevomundo.eu\/en\/#organization","name":"NuevoMundo","url":"https:\/\/nuevomundo.eu\/en\/","logo":{"@type":"ImageObject","inLanguage":"en-US","@id":"https:\/\/nuevomundo.eu\/en\/#\/schema\/logo\/image\/","url":"https:\/\/nuevomundo.eu\/wp-content\/uploads\/2025\/02\/LOGO_NUEVOMUNDO.jpg","contentUrl":"https:\/\/nuevomundo.eu\/wp-content\/uploads\/2025\/02\/LOGO_NUEVOMUNDO.jpg","width":212,"height":150,"caption":"NuevoMundo"},"image":{"@id":"https:\/\/nuevomundo.eu\/en\/#\/schema\/logo\/image\/"}}]}},"_links":{"self":[{"href":"https:\/\/nuevomundo.eu\/en\/wp-json\/wp\/v2\/pages\/4666","targetHints":{"allow":["GET"]}}],"collection":[{"href":"https:\/\/nuevomundo.eu\/en\/wp-json\/wp\/v2\/pages"}],"about":[{"href":"https:\/\/nuevomundo.eu\/en\/wp-json\/wp\/v2\/types\/page"}],"author":[{"embeddable":true,"href":"https:\/\/nuevomundo.eu\/en\/wp-json\/wp\/v2\/users\/1"}],"replies":[{"embeddable":true,"href":"https:\/\/nuevomundo.eu\/en\/wp-json\/wp\/v2\/comments?post=4666"}],"version-history":[{"count":16,"href":"https:\/\/nuevomundo.eu\/en\/wp-json\/wp\/v2\/pages\/4666\/revisions"}],"predecessor-version":[{"id":6774,"href":"https:\/\/nuevomundo.eu\/en\/wp-json\/wp\/v2\/pages\/4666\/revisions\/6774"}],"wp:featuredmedia":[{"embeddable":true,"href":"https:\/\/nuevomundo.eu\/en\/wp-json\/wp\/v2\/media\/4495"}],"wp:attachment":[{"href":"https:\/\/nuevomundo.eu\/en\/wp-json\/wp\/v2\/media?parent=4666"}],"curies":[{"name":"wp","href":"https:\/\/api.w.org\/{rel}","templated":true}]}}