{"id":4667,"date":"2025-03-28T12:57:07","date_gmt":"2025-03-28T11:57:07","guid":{"rendered":"http:\/\/wordpress.nuevomundo.eu\/promociones\/"},"modified":"2026-03-17T18:08:56","modified_gmt":"2026-03-17T17:08:56","slug":"promociones","status":"publish","type":"page","link":"https:\/\/nuevomundo.eu\/en\/promociones\/","title":{"rendered":"Promociones"},"content":{"rendered":"\t\t<div data-elementor-type=\"wp-page\" data-elementor-id=\"4667\" class=\"elementor elementor-4667 elementor-4532\" data-elementor-post-type=\"page\">\n\t\t\t\t<div class=\"elementor-element elementor-element-b17a283 e-con-full e-flex e-con e-parent\" data-id=\"b17a283\" data-element_type=\"container\">\n\t\t<div class=\"elementor-element elementor-element-8c8e684 e-con-full e-flex e-con e-child\" data-id=\"8c8e684\" data-element_type=\"container\">\n\t\t\t\t<div class=\"elementor-element elementor-element-f53844c elementor-widget elementor-widget-heading\" data-id=\"f53844c\" data-element_type=\"widget\" data-widget_type=\"heading.default\">\n\t\t\t\t<div class=\"elementor-widget-container\">\n\t\t\t\t\t<h2 class=\"elementor-heading-title elementor-size-default\">DEVELOPMENTS<\/h2>\t\t\t\t<\/div>\n\t\t\t\t<\/div>\n\t\t\t\t<\/div>\n\t\t\t\t<\/div>\n\t\t<div class=\"elementor-element elementor-element-b757959 e-flex e-con-boxed e-con e-parent\" data-id=\"b757959\" data-element_type=\"container\">\n\t\t\t\t\t<div class=\"e-con-inner\">\n\t\t\t\t<div class=\"elementor-element elementor-element-85f6047 elementor-cta--skin-cover elementor-animated-content elementor-bg-transform elementor-bg-transform-zoom-in elementor-widget elementor-widget-call-to-action\" data-id=\"85f6047\" data-element_type=\"widget\" data-widget_type=\"call-to-action.default\">\n\t\t\t\t<div class=\"elementor-widget-container\">\n\t\t\t\t\t\t\t<div class=\"elementor-cta\">\n\t\t\t\t\t<div class=\"elementor-cta__bg-wrapper\">\n\t\t\t\t<div class=\"elementor-cta__bg elementor-bg\" style=\"background-image: url(https:\/\/nuevomundo.eu\/wp-content\/uploads\/2023\/08\/Exterior_fachada-819x1024.png);\" role=\"img\" aria-label=\"Exterior_fachada\"><\/div>\n\t\t\t\t<div class=\"elementor-cta__bg-overlay\"><\/div>\n\t\t\t<\/div>\n\t\t\t\t\t\t\t<div class=\"elementor-cta__content\">\n\t\t\t\t\n\t\t\t\t\t\t\t\t\t<h2 class=\"elementor-cta__title elementor-cta__content-item elementor-content-item elementor-animated-item--grow\">\n\t\t\t\t\t\tJuan P\u00e9rez de Z\u00fa\u00f1iga 18\t\t\t\t\t<\/h2>\n\t\t\t\t\n\t\t\t\t\t\t\t\t\t<div class=\"elementor-cta__description elementor-cta__content-item elementor-content-item elementor-animated-item--grow\">\n\t\t\t\t\t\tSOLD OUT\t\t\t\t\t<\/div>\n\t\t\t\t\n\t\t\t\t\t\t\t\t\t<div class=\"elementor-cta__button-wrapper elementor-cta__content-item elementor-content-item elementor-animated-item--grow\">\n\t\t\t\t\t<a class=\"elementor-cta__button elementor-button elementor-size-\" href=\"https:\/\/nuevomundo.eu\/en\/juan-perez-de-zuniga\">\n\t\t\t\t\t\tSee development\t\t\t\t\t<\/a>\n\t\t\t\t\t<\/div>\n\t\t\t\t\t\t\t<\/div>\n\t\t\t\t\t\t<\/div>\n\t\t\t\t\t\t<\/div>\n\t\t\t\t<\/div>\n\t\t\t\t\t<\/div>\n\t\t\t\t<\/div>\n\t\t\t\t<\/div>\n\t\t","protected":false},"excerpt":{"rendered":"<p>DEVELOPMENTS Juan P\u00e9rez de Z\u00fa\u00f1iga 18 SOLD OUT See development<\/p>\n","protected":false},"author":1,"featured_media":0,"parent":0,"menu_order":0,"comment_status":"closed","ping_status":"closed","template":"elementor_header_footer","meta":{"footnotes":""},"class_list":["post-4667","page","type-page","status-publish","hentry"],"yoast_head":"<!-- This site is optimized with the Yoast SEO plugin v25.9 - https:\/\/yoast.com\/wordpress\/plugins\/seo\/ -->\n<title>Promociones - NuevoMundo<\/title>\n<meta name=\"robots\" content=\"index, follow, max-snippet:-1, max-image-preview:large, max-video-preview:-1\" \/>\n<link rel=\"canonical\" href=\"https:\/\/nuevomundo.eu\/en\/promociones\/\" \/>\n<meta property=\"og:locale\" content=\"en_US\" \/>\n<meta property=\"og:type\" content=\"article\" \/>\n<meta property=\"og:title\" content=\"Promociones - NuevoMundo\" \/>\n<meta property=\"og:description\" content=\"DEVELOPMENTS Juan P\u00e9rez de Z\u00fa\u00f1iga 18 SOLD OUT See development\" \/>\n<meta property=\"og:url\" content=\"https:\/\/nuevomundo.eu\/en\/promociones\/\" \/>\n<meta property=\"og:site_name\" content=\"NuevoMundo\" \/>\n<meta property=\"article:modified_time\" content=\"2026-03-17T17:08:56+00:00\" \/>\n<meta name=\"twitter:card\" content=\"summary_large_image\" \/>\n<meta name=\"twitter:label1\" content=\"Est. reading time\" \/>\n\t<meta name=\"twitter:data1\" content=\"1 minute\" \/>\n<script type=\"application\/ld+json\" class=\"yoast-schema-graph\">{\"@context\":\"https:\/\/schema.org\",\"@graph\":[{\"@type\":\"WebPage\",\"@id\":\"https:\/\/nuevomundo.eu\/en\/promociones\/\",\"url\":\"https:\/\/nuevomundo.eu\/en\/promociones\/\",\"name\":\"Promociones - NuevoMundo\",\"isPartOf\":{\"@id\":\"https:\/\/nuevomundo.eu\/en\/#website\"},\"datePublished\":\"2025-03-28T11:57:07+00:00\",\"dateModified\":\"2026-03-17T17:08:56+00:00\",\"breadcrumb\":{\"@id\":\"https:\/\/nuevomundo.eu\/en\/promociones\/#breadcrumb\"},\"inLanguage\":\"en-US\",\"potentialAction\":[{\"@type\":\"ReadAction\",\"target\":[\"https:\/\/nuevomundo.eu\/en\/promociones\/\"]}]},{\"@type\":\"BreadcrumbList\",\"@id\":\"https:\/\/nuevomundo.eu\/en\/promociones\/#breadcrumb\",\"itemListElement\":[{\"@type\":\"ListItem\",\"position\":1,\"name\":\"Portada\",\"item\":\"https:\/\/nuevomundo.eu\/en\/\"},{\"@type\":\"ListItem\",\"position\":2,\"name\":\"Promociones\"}]},{\"@type\":\"WebSite\",\"@id\":\"https:\/\/nuevomundo.eu\/en\/#website\",\"url\":\"https:\/\/nuevomundo.eu\/en\/\",\"name\":\"NuevoMundo\",\"description\":\"\",\"publisher\":{\"@id\":\"https:\/\/nuevomundo.eu\/en\/#organization\"},\"potentialAction\":[{\"@type\":\"SearchAction\",\"target\":{\"@type\":\"EntryPoint\",\"urlTemplate\":\"https:\/\/nuevomundo.eu\/en\/?s={search_term_string}\"},\"query-input\":{\"@type\":\"PropertyValueSpecification\",\"valueRequired\":true,\"valueName\":\"search_term_string\"}}],\"inLanguage\":\"en-US\"},{\"@type\":\"Organization\",\"@id\":\"https:\/\/nuevomundo.eu\/en\/#organization\",\"name\":\"NuevoMundo\",\"url\":\"https:\/\/nuevomundo.eu\/en\/\",\"logo\":{\"@type\":\"ImageObject\",\"inLanguage\":\"en-US\",\"@id\":\"https:\/\/nuevomundo.eu\/en\/#\/schema\/logo\/image\/\",\"url\":\"https:\/\/nuevomundo.eu\/wp-content\/uploads\/2025\/02\/LOGO_NUEVOMUNDO.jpg\",\"contentUrl\":\"https:\/\/nuevomundo.eu\/wp-content\/uploads\/2025\/02\/LOGO_NUEVOMUNDO.jpg\",\"width\":212,\"height\":150,\"caption\":\"NuevoMundo\"},\"image\":{\"@id\":\"https:\/\/nuevomundo.eu\/en\/#\/schema\/logo\/image\/\"}}]}<\/script>\n<!-- \/ Yoast SEO plugin. -->","yoast_head_json":{"title":"Promociones - NuevoMundo","robots":{"index":"index","follow":"follow","max-snippet":"max-snippet:-1","max-image-preview":"max-image-preview:large","max-video-preview":"max-video-preview:-1"},"canonical":"https:\/\/nuevomundo.eu\/en\/promociones\/","og_locale":"en_US","og_type":"article","og_title":"Promociones - NuevoMundo","og_description":"DEVELOPMENTS Juan P\u00e9rez de Z\u00fa\u00f1iga 18 SOLD OUT See development","og_url":"https:\/\/nuevomundo.eu\/en\/promociones\/","og_site_name":"NuevoMundo","article_modified_time":"2026-03-17T17:08:56+00:00","twitter_card":"summary_large_image","twitter_misc":{"Est. reading time":"1 minute"},"schema":{"@context":"https:\/\/schema.org","@graph":[{"@type":"WebPage","@id":"https:\/\/nuevomundo.eu\/en\/promociones\/","url":"https:\/\/nuevomundo.eu\/en\/promociones\/","name":"Promociones - NuevoMundo","isPartOf":{"@id":"https:\/\/nuevomundo.eu\/en\/#website"},"datePublished":"2025-03-28T11:57:07+00:00","dateModified":"2026-03-17T17:08:56+00:00","breadcrumb":{"@id":"https:\/\/nuevomundo.eu\/en\/promociones\/#breadcrumb"},"inLanguage":"en-US","potentialAction":[{"@type":"ReadAction","target":["https:\/\/nuevomundo.eu\/en\/promociones\/"]}]},{"@type":"BreadcrumbList","@id":"https:\/\/nuevomundo.eu\/en\/promociones\/#breadcrumb","itemListElement":[{"@type":"ListItem","position":1,"name":"Portada","item":"https:\/\/nuevomundo.eu\/en\/"},{"@type":"ListItem","position":2,"name":"Promociones"}]},{"@type":"WebSite","@id":"https:\/\/nuevomundo.eu\/en\/#website","url":"https:\/\/nuevomundo.eu\/en\/","name":"NuevoMundo","description":"","publisher":{"@id":"https:\/\/nuevomundo.eu\/en\/#organization"},"potentialAction":[{"@type":"SearchAction","target":{"@type":"EntryPoint","urlTemplate":"https:\/\/nuevomundo.eu\/en\/?s={search_term_string}"},"query-input":{"@type":"PropertyValueSpecification","valueRequired":true,"valueName":"search_term_string"}}],"inLanguage":"en-US"},{"@type":"Organization","@id":"https:\/\/nuevomundo.eu\/en\/#organization","name":"NuevoMundo","url":"https:\/\/nuevomundo.eu\/en\/","logo":{"@type":"ImageObject","inLanguage":"en-US","@id":"https:\/\/nuevomundo.eu\/en\/#\/schema\/logo\/image\/","url":"https:\/\/nuevomundo.eu\/wp-content\/uploads\/2025\/02\/LOGO_NUEVOMUNDO.jpg","contentUrl":"https:\/\/nuevomundo.eu\/wp-content\/uploads\/2025\/02\/LOGO_NUEVOMUNDO.jpg","width":212,"height":150,"caption":"NuevoMundo"},"image":{"@id":"https:\/\/nuevomundo.eu\/en\/#\/schema\/logo\/image\/"}}]}},"_links":{"self":[{"href":"https:\/\/nuevomundo.eu\/en\/wp-json\/wp\/v2\/pages\/4667","targetHints":{"allow":["GET"]}}],"collection":[{"href":"https:\/\/nuevomundo.eu\/en\/wp-json\/wp\/v2\/pages"}],"about":[{"href":"https:\/\/nuevomundo.eu\/en\/wp-json\/wp\/v2\/types\/page"}],"author":[{"embeddable":true,"href":"https:\/\/nuevomundo.eu\/en\/wp-json\/wp\/v2\/users\/1"}],"replies":[{"embeddable":true,"href":"https:\/\/nuevomundo.eu\/en\/wp-json\/wp\/v2\/comments?post=4667"}],"version-history":[{"count":22,"href":"https:\/\/nuevomundo.eu\/en\/wp-json\/wp\/v2\/pages\/4667\/revisions"}],"predecessor-version":[{"id":6777,"href":"https:\/\/nuevomundo.eu\/en\/wp-json\/wp\/v2\/pages\/4667\/revisions\/6777"}],"wp:attachment":[{"href":"https:\/\/nuevomundo.eu\/en\/wp-json\/wp\/v2\/media?parent=4667"}],"curies":[{"name":"wp","href":"https:\/\/api.w.org\/{rel}","templated":true}]}}